{"id":12851,"date":"2025-06-20T15:28:19","date_gmt":"2025-06-20T13:28:19","guid":{"rendered":"https:\/\/stage.klosterilanz.ch\/?page_id=12851"},"modified":"2026-01-09T15:12:52","modified_gmt":"2026-01-09T14:12:52","slug":"kurs-anmeldung","status":"publish","type":"page","link":"https:\/\/www.klosterilanz.ch\/de\/kurs-anmeldung\/","title":{"rendered":"Ihre Anmeldung"},"content":{"rendered":"\t\t<div data-elementor-type=\"wp-page\" data-elementor-id=\"12851\" class=\"elementor elementor-12851\" data-elementor-post-type=\"page\">\n\t\t\t\t<div class=\"elementor-element elementor-element-8e12303 e-flex e-con-boxed xts-section-disabled e-con e-parent\" data-id=\"8e12303\" data-element_type=\"container\">\n\t\t\t\t\t<div class=\"e-con-inner\">\n\t\t\t\t<div class=\"elementor-element elementor-element-f7f7e4e elementor-widget elementor-widget-xts_contact_form_7\" data-id=\"f7f7e4e\" data-element_type=\"widget\" data-widget_type=\"xts_contact_form_7.default\">\n\t\t\t\t<div class=\"elementor-widget-container\">\n\t\t\t\t\t\n<div class=\"wpcf7 no-js\" id=\"wpcf7-f12850-o1\" lang=\"de-DE\" dir=\"ltr\" data-wpcf7-id=\"12850\">\n<div class=\"screen-reader-response\"><p role=\"status\" aria-live=\"polite\" aria-atomic=\"true\"><\/p> <ul><\/ul><\/div>\n<form action=\"\/de\/wp-json\/wp\/v2\/pages\/12851\/#wpcf7-f12850-o1\" method=\"post\" class=\"wpcf7-form init\" aria-label=\"Kontaktformular\" novalidate=\"novalidate\" data-status=\"init\">\n<div style=\"display: none;\">\n<input type=\"hidden\" name=\"_wpcf7\" value=\"12850\" \/>\n<input type=\"hidden\" name=\"_wpcf7_version\" value=\"6.0.6\" \/>\n<input type=\"hidden\" name=\"_wpcf7_locale\" value=\"de_DE\" \/>\n<input type=\"hidden\" name=\"_wpcf7_unit_tag\" value=\"wpcf7-f12850-o1\" \/>\n<input type=\"hidden\" name=\"_wpcf7_container_post\" value=\"0\" \/>\n<input type=\"hidden\" name=\"_wpcf7_posted_data_hash\" value=\"\" \/>\n<\/div>\n<div class=\"section\">\n\t<p><label>\n\t\t<input class=\"wpcf7-form-control wpcf7-hidden readonly\" value=\"\" type=\"hidden\" name=\"anmeldung_email\" \/><\/label>\n\t<\/p>\n\t<div class=\"form-field field-required form-text-field\">\n\t\t<p><label><span class=\"caption\">Kurs:<\/span> <span class=\"wpcf7-form-control-wrap\" data-name=\"kurs\"><input size=\"40\" maxlength=\"400\" class=\"wpcf7-form-control wpcf7-text wpcf7-validates-as-required readonly\" aria-required=\"true\" aria-invalid=\"false\" value=\"\" type=\"text\" name=\"kurs\" \/><\/span><\/label>\n\t\t<\/p>\n\t<\/div>\n\t<div class=\"form-field field-required form-text-field\">\n\t\t<p><label><span class=\"caption\">Startdatum:<\/span> <span class=\"wpcf7-form-control-wrap\" data-name=\"startdatum\"><input size=\"40\" maxlength=\"400\" class=\"wpcf7-form-control wpcf7-text wpcf7-validates-as-required readonly\" aria-required=\"true\" aria-invalid=\"false\" value=\"\" type=\"text\" name=\"startdatum\" \/><\/span><\/label>\n\t\t<\/p>\n\t<\/div>\n<\/div>\n<div class=\"section\">\n\t<div class=\"form-field field-required form-text-field\">\n\t\t<p><label><span class=\"caption\">Nachname<\/span><br \/>\n<span class=\"wpcf7-form-control-wrap\" data-name=\"nachname\"><input size=\"40\" maxlength=\"400\" class=\"wpcf7-form-control wpcf7-text wpcf7-validates-as-required\" aria-required=\"true\" aria-invalid=\"false\" value=\"\" type=\"text\" name=\"nachname\" \/><\/span> <\/label>\n\t\t<\/p>\n\t<\/div>\n\t<div class=\"form-field field-required form-text-field\">\n\t\t<p><label><span class=\"caption\">Vorname<\/span><br \/>\n<span class=\"wpcf7-form-control-wrap\" data-name=\"vorname\"><input size=\"40\" maxlength=\"400\" class=\"wpcf7-form-control wpcf7-text wpcf7-validates-as-required\" aria-required=\"true\" aria-invalid=\"false\" value=\"\" type=\"text\" name=\"vorname\" \/><\/span> <\/label>\n\t\t<\/p>\n\t<\/div>\n\t<div class=\"form-field field-required form-text-field\">\n\t\t<p><label><span class=\"caption\">Strasse<\/span><br \/>\n<span class=\"wpcf7-form-control-wrap\" data-name=\"strasse\"><input size=\"40\" maxlength=\"400\" class=\"wpcf7-form-control wpcf7-text wpcf7-validates-as-required\" aria-required=\"true\" aria-invalid=\"false\" value=\"\" type=\"text\" name=\"strasse\" \/><\/span><\/label>\n\t\t<\/p>\n\t<\/div>\n\t<div class=\"form-field field-required form-text-field\">\n\t\t<p><label><span class=\"caption\">PLZ<\/span><br \/>\n<span class=\"wpcf7-form-control-wrap\" data-name=\"plz\"><input size=\"40\" maxlength=\"400\" class=\"wpcf7-form-control wpcf7-text wpcf7-validates-as-required\" aria-required=\"true\" aria-invalid=\"false\" value=\"\" type=\"text\" name=\"plz\" \/><\/span><\/label>\n\t\t<\/p>\n\t<\/div>\n\t<div class=\"form-field field-required form-text-field\">\n\t\t<p><label><span class=\"caption\">Ort<\/span><br \/>\n<span class=\"wpcf7-form-control-wrap\" data-name=\"ort\"><input size=\"40\" maxlength=\"400\" class=\"wpcf7-form-control wpcf7-text wpcf7-validates-as-required\" aria-required=\"true\" aria-invalid=\"false\" value=\"\" type=\"text\" name=\"ort\" \/><\/span><\/label>\n\t\t<\/p>\n\t<\/div>\n\t<div class=\"form-field field-required form-text-field\">\n\t\t<p><label><span class=\"caption\">Telefon<\/span><br \/>\n<span class=\"wpcf7-form-control-wrap\" data-name=\"telefon\"><input size=\"40\" maxlength=\"400\" class=\"wpcf7-form-control wpcf7-text wpcf7-validates-as-required\" aria-required=\"true\" aria-invalid=\"false\" value=\"\" type=\"text\" name=\"telefon\" \/><\/span><\/label>\n\t\t<\/p>\n\t<\/div>\n\t<div class=\"form-field field-required form-text-field\">\n\t\t<p><label><span class=\"caption\">E-Mail<\/span><br \/>\n<span class=\"wpcf7-form-control-wrap\" data-name=\"email\"><input size=\"40\" maxlength=\"400\" class=\"wpcf7-form-control wpcf7-email wpcf7-validates-as-required wpcf7-text wpcf7-validates-as-email\" aria-required=\"true\" aria-invalid=\"false\" value=\"\" type=\"email\" name=\"email\" \/><\/span> <\/label>\n\t\t<\/p>\n\t<\/div>\n\t<div class=\"form-field form-text-field\">\n\t\t<p><label><span class=\"caption\">Arrangement<\/span><br \/>\n<span class=\"wpcf7-form-control-wrap\" data-name=\"Arrangement\"><select class=\"wpcf7-form-control wpcf7-select wpcf7-validates-as-required\" aria-required=\"true\" aria-invalid=\"false\" name=\"Arrangement\"><option value=\"kein Arrangement\">kein Arrangement<\/option><option value=\"\u00dcbernachtung mit Fr\u00fchst\u00fcck\">\u00dcbernachtung mit Fr\u00fchst\u00fcck<\/option><option value=\"\u00dcbernachtung mit Halbpension\">\u00dcbernachtung mit Halbpension<\/option><option value=\"\u00dcbernachtung mit Vollpension\">\u00dcbernachtung mit Vollpension<\/option><\/select><\/span><br \/>\n<\/label>\n\t\t<\/p>\n\t<\/div>\n\t<div class=\"form-field form-text-field\">\n\t\t<p><label><span class=\"caption\">Bemerkungen<\/span><br \/>\n<span class=\"wpcf7-form-control-wrap\" data-name=\"Bemerkungen\"><textarea cols=\"40\" rows=\"10\" maxlength=\"2000\" class=\"wpcf7-form-control wpcf7-textarea\" aria-invalid=\"false\" name=\"Bemerkungen\"><\/textarea><\/span><\/label>\n\t\t<\/p>\n\t<\/div>\n\t<div class=\"form-field form-text-field\">\n\t\t<p><label><span class=\"caption\">Zimmerkategorie<\/span><br \/>\n<span class=\"wpcf7-form-control-wrap\" data-name=\"Zimmerkategorie\"><select class=\"wpcf7-form-control wpcf7-select wpcf7-validates-as-required\" aria-required=\"true\" aria-invalid=\"false\" name=\"Zimmerkategorie\"><option value=\"kein Zimmer\">kein Zimmer<\/option><option value=\"Einzelzimmer mit fliessendem Wasser\">Einzelzimmer mit fliessendem Wasser<\/option><option value=\"Einzelzimmer mit Dusche\/WC\">Einzelzimmer mit Dusche\/WC<\/option><option value=\"Einzelzimmer Superior mit Dusche\/WC\">Einzelzimmer Superior mit Dusche\/WC<\/option><option value=\"Doppelzimmer mit fliessendem Wasser\">Doppelzimmer mit fliessendem Wasser<\/option><option value=\"Doppelzimmer mit Dusche\/WC\">Doppelzimmer mit Dusche\/WC<\/option><\/select><\/span><br \/>\n<\/label>\n\t\t<\/p>\n\t<\/div>\n<\/div>\n<div class=\"section\">\n\t<p>Informationen zur Verarbeitung der eingegebenen Daten sind in der <a href=\"\/de\/datenschutzerklaerung\/\" target=\"_blank\">Datenschutzerkl\u00e4rung<\/a> zu finden.\n\t<\/p>\n\t<p class=\"formsubmit\"><br \/>\n<input class=\"wpcf7-form-control wpcf7-submit has-spinner\" type=\"submit\" value=\"Anmelden\" \/>\n\t<\/p>\n<\/div><div class=\"wpcf7-response-output\" aria-hidden=\"true\"><\/div>\n<\/form>\n<\/div>\n\t\t\t\t<\/div>\n\t\t\t\t<\/div>\n\t\t\t\t\t<\/div>\n\t\t\t\t<\/div>\n\t\t\t\t<\/div>\n\t\t","protected":false},"excerpt":{"rendered":"<p>Kurs: Startdatum: Nachname Vorname Strasse PLZ Ort Telefon E-Mail Arrangement kein Arrangement\u00dcbernachtung mit Fr\u00fchst\u00fcck\u00dcbernachtung mit Halbpension\u00dcbernachtung mit Vollpension Bemerkungen Zimmerkategorie kein ZimmerEinzelzimmer mit fliessendem WasserEinzelzimmer mit Dusche\/WCEinzelzimmer Superior mit Dusche\/WCDoppelzimmer mit fliessendem WasserDoppelzimmer mit Dusche\/WC Informationen zur Verarbeitung der eingegebenen Daten sind in der Datenschutzerkl\u00e4rung zu finden.<\/p>\n","protected":false},"author":2,"featured_media":0,"parent":0,"menu_order":0,"comment_status":"closed","ping_status":"closed","template":"","meta":{"_acf_changed":false,"footnotes":""},"class_list":["post-12851","page","type-page","status-publish","hentry"],"acf":[],"_links":{"self":[{"href":"https:\/\/www.klosterilanz.ch\/de\/wp-json\/wp\/v2\/pages\/12851\/"}],"collection":[{"href":"https:\/\/www.klosterilanz.ch\/de\/wp-json\/wp\/v2\/pages\/"}],"about":[{"href":"https:\/\/www.klosterilanz.ch\/de\/wp-json\/wp\/v2\/types\/page\/"}],"author":[{"embeddable":true,"href":"https:\/\/www.klosterilanz.ch\/de\/wp-json\/wp\/v2\/users\/2\/"}],"replies":[{"embeddable":true,"href":"https:\/\/www.klosterilanz.ch\/de\/wp-json\/wp\/v2\/comments\/?post=12851"}],"version-history":[{"count":3,"href":"https:\/\/www.klosterilanz.ch\/de\/wp-json\/wp\/v2\/pages\/12851\/revisions\/"}],"predecessor-version":[{"id":25861,"href":"https:\/\/www.klosterilanz.ch\/de\/wp-json\/wp\/v2\/pages\/12851\/revisions\/25861\/"}],"wp:attachment":[{"href":"https:\/\/www.klosterilanz.ch\/de\/wp-json\/wp\/v2\/media\/?parent=12851"}],"curies":[{"name":"wp","href":"https:\/\/api.w.org\/{rel}","templated":true}]}}