{"id":1500,"date":"2025-06-17T09:10:29","date_gmt":"2025-06-17T07:10:29","guid":{"rendered":"https:\/\/stage.klosterilanz.ch\/?page_id=1500"},"modified":"2025-10-14T10:35:49","modified_gmt":"2025-10-14T08:35:49","slug":"dominikanerinnen-im-podcast","status":"publish","type":"page","link":"https:\/\/www.klosterilanz.ch\/de\/kloster-ilanz\/dominikanerinnen-im-podcast\/","title":{"rendered":"Wir Dominikanerinnen im Podcast"},"content":{"rendered":"\t\t<div data-elementor-type=\"wp-page\" data-elementor-id=\"1500\" class=\"elementor elementor-1500\" data-elementor-post-type=\"page\">\n\t\t\t\t<div class=\"elementor-element elementor-element-1d1698b e-con-full e-flex xts-section-disabled e-con e-parent\" data-id=\"1d1698b\" data-element_type=\"container\">\n\t\t<div class=\"elementor-element elementor-element-45e0eb6 e-flex e-con-boxed xts-section-disabled e-con e-child\" data-id=\"45e0eb6\" data-element_type=\"container\">\n\t\t\t\t\t<div class=\"e-con-inner\">\n\t\t<div class=\"elementor-element elementor-element-aad333e e-con-full e-flex xts-section-disabled e-con e-child\" data-id=\"aad333e\" data-element_type=\"container\">\n\t\t\t\t<div class=\"elementor-element elementor-element-9e67b0e xts-scheme-inherit xts-textalign-inherit elementor-widget elementor-widget-text-editor\" data-id=\"9e67b0e\" data-element_type=\"widget\" data-widget_type=\"text-editor.default\">\n\t\t\t\t<div class=\"elementor-widget-container\">\n\t\t\t\t\t\t\t\t\t<p>Unter dem Titel \u00abMit anderen Worten \u2013 Zwei Welten im Gespr\u00e4ch\u00bb gestalten die <strong>deutschsprachigen Dominikanerinnen aus der Schweiz, \u00d6sterreich und Deutschland<\/strong> einen Podcast. Pers\u00f6nlichkeiten aus Kultur und Gesellschaft begegnen darin uns Dominikanerinnen. Es ergeben sich kluge Dreiergespr\u00e4che \u00fcber die gro\u00dfen Themen des Menschseins.<\/p><p>Moderiert wird der Podcast von <strong>Maja Ellmenreich<\/strong>, die \u00fcblicherweise im Deutschlandfunk zu h\u00f6ren ist, und <strong>Moritz Holfelder<\/strong>, bekannt aus dem Bayerischen Rundfunk.<\/p>\t\t\t\t\t\t\t\t<\/div>\n\t\t\t\t<\/div>\n\t\t\t\t<\/div>\n\t\t<div class=\"elementor-element elementor-element-259fb18 e-con-full e-flex xts-section-disabled e-con e-child\" data-id=\"259fb18\" data-element_type=\"container\">\n\t\t<div class=\"elementor-element elementor-element-7da2510 e-con-full e-flex xts-section-disabled e-con e-child\" data-id=\"7da2510\" data-element_type=\"container\" data-settings=\"{&quot;background_background&quot;:&quot;classic&quot;}\">\n\t\t\t\t<div class=\"elementor-element elementor-element-a253f3c xts-scheme-inherit xts-textalign-inherit elementor-widget elementor-widget-text-editor\" data-id=\"a253f3c\" data-element_type=\"widget\" data-widget_type=\"text-editor.default\">\n\t\t\t\t<div class=\"elementor-widget-container\">\n\t\t\t\t\t\t\t\t\t<p class=\"NormalwithoutSpacing\">Wir sind gespannt auf Ihre und eure wertvollen Gedanken und Anregungen zu unserem Podcast an <a href=\"mailto:podcast@dominikanerinnen.net\">podcast@dominikanerinnen.net<\/a>. Vielen Dank!<\/p>\t\t\t\t\t\t\t\t<\/div>\n\t\t\t\t<\/div>\n\t\t\t\t<\/div>\n\t\t\t\t<\/div>\n\t\t\t\t\t<\/div>\n\t\t\t\t<\/div>\n\t\t\t\t<\/div>\n\t\t<div class=\"elementor-element elementor-element-3b137553 e-flex e-con-boxed xts-section-disabled e-con e-parent\" data-id=\"3b137553\" data-element_type=\"container\">\n\t\t\t\t\t<div class=\"e-con-inner\">\n\t\t<div class=\"elementor-element elementor-element-0aafaaa e-grid e-con-full xts-section-disabled e-con e-child\" data-id=\"0aafaaa\" data-element_type=\"container\">\n\t\t\t\t<div class=\"elementor-element elementor-element-70dbeb5 xts-scheme-inherit xts-textalign-inherit elementor-widget elementor-widget-text-editor\" data-id=\"70dbeb5\" data-element_type=\"widget\" data-widget_type=\"text-editor.default\">\n\t\t\t\t<div class=\"elementor-widget-container\">\n\t\t\t\t\t\t\t\t\t<p><strong>Sr. Klarissa und Gerhard Trabert<\/strong><\/p><p><script class=\"podigee-podcast-player\" src=\"https:\/\/player.podigee-cdn.net\/podcast-player\/javascripts\/podigee-podcast-player.js\" data-configuration=\"https:\/\/mit-anderen-worten.podigee.io\/1-new-episode\/embed?context=external&#038;token=EFpK0eQ53Rq8UB4kXkWVNQ\"><\/script><\/p>\t\t\t\t\t\t\t\t<\/div>\n\t\t\t\t<\/div>\n\t\t\t\t<div class=\"elementor-element elementor-element-af4ac41 xts-scheme-inherit xts-textalign-inherit elementor-widget elementor-widget-text-editor\" data-id=\"af4ac41\" data-element_type=\"widget\" data-widget_type=\"text-editor.default\">\n\t\t\t\t<div class=\"elementor-widget-container\">\n\t\t\t\t\t\t\t\t\t<p><strong>Sr. Scholastika und Aleida Assmann<\/strong><\/p><p><script class=\"podigee-podcast-player\" src=\"https:\/\/player.podigee-cdn.net\/podcast-player\/javascripts\/podigee-podcast-player.js\" data-configuration=\"https:\/\/mit-anderen-worten.podigee.io\/2-neue-episode\/embed?context=external&amp;token=EFpK0eQ53Rq8UB4kXkWVNQ\"><\/script><\/p>\t\t\t\t\t\t\t\t<\/div>\n\t\t\t\t<\/div>\n\t\t\t\t<div class=\"elementor-element elementor-element-0b11067 xts-scheme-inherit xts-textalign-inherit elementor-widget elementor-widget-text-editor\" data-id=\"0b11067\" data-element_type=\"widget\" data-widget_type=\"text-editor.default\">\n\t\t\t\t<div class=\"elementor-widget-container\">\n\t\t\t\t\t\t\t\t\t<p><strong>Sr. Judith und John von D\u00fcffel<\/strong><\/p><p><script class=\"podigee-podcast-player\" src=\"https:\/\/player.podigee-cdn.net\/podcast-player\/javascripts\/podigee-podcast-player.js\" data-configuration=\"https:\/\/mit-anderen-worten.podigee.io\/3-neue-episode\/embed?context=external&#038;token=S5GkxbuArMYPa6WUbGqYzw\"><\/script><\/p>\t\t\t\t\t\t\t\t<\/div>\n\t\t\t\t<\/div>\n\t\t\t\t<div class=\"elementor-element elementor-element-9aa393e xts-scheme-inherit xts-textalign-inherit elementor-widget elementor-widget-text-editor\" data-id=\"9aa393e\" data-element_type=\"widget\" data-widget_type=\"text-editor.default\">\n\t\t\t\t<div class=\"elementor-widget-container\">\n\t\t\t\t\t\t\t\t\t<p><strong>Sr. Hertewich und Mariana Leky<\/strong><\/p><p><script class=\"podigee-podcast-player\" src=\"https:\/\/player.podigee-cdn.net\/podcast-player\/javascripts\/podigee-podcast-player.js\" data-configuration=\"https:\/\/mit-anderen-worten.podigee.io\/4-04-resilienz\/embed?context=external\"><\/script><\/p>\t\t\t\t\t\t\t\t<\/div>\n\t\t\t\t<\/div>\n\t\t\t\t<div class=\"elementor-element elementor-element-8f1aa22 xts-scheme-inherit xts-textalign-inherit elementor-widget elementor-widget-text-editor\" data-id=\"8f1aa22\" data-element_type=\"widget\" data-widget_type=\"text-editor.default\">\n\t\t\t\t<div class=\"elementor-widget-container\">\n\t\t\t\t\t\t\t\t\t<p><strong>Sr. Josefa Thusba\u00df und Moritz Holfelder<\/strong><\/p><p><script class=\"podigee-podcast-player\" src=\"https:\/\/player.podigee-cdn.net\/podcast-player\/javascripts\/podigee-podcast-player.js\" data-configuration=\"https:\/\/mit-anderen-worten.podigee.io\/5-new-episode\/embed?context=external\"><\/script><\/p>\t\t\t\t\t\t\t\t<\/div>\n\t\t\t\t<\/div>\n\t\t\t\t<\/div>\n\t\t\t\t\t<\/div>\n\t\t\t\t<\/div>\n\t\t\t\t<\/div>\n\t\t","protected":false},"excerpt":{"rendered":"<p>Unter dem Titel \u00abMit anderen Worten \u2013 Zwei Welten im Gespr\u00e4ch\u00bb gestalten die deutschsprachigen Dominikanerinnen aus der Schweiz, \u00d6sterreich und Deutschland einen Podcast. Pers\u00f6nlichkeiten aus Kultur und Gesellschaft begegnen darin uns Dominikanerinnen. Es ergeben sich kluge Dreiergespr\u00e4che \u00fcber die gro\u00dfen Themen des Menschseins. Moderiert wird der Podcast von Maja Ellmenreich, die \u00fcblicherweise im Deutschlandfunk zu [&hellip;]<\/p>\n","protected":false},"author":2,"featured_media":21515,"parent":1351,"menu_order":0,"comment_status":"closed","ping_status":"closed","template":"","meta":{"_acf_changed":false,"footnotes":""},"class_list":["post-1500","page","type-page","status-publish","has-post-thumbnail","hentry"],"acf":[],"_links":{"self":[{"href":"https:\/\/www.klosterilanz.ch\/de\/wp-json\/wp\/v2\/pages\/1500\/"}],"collection":[{"href":"https:\/\/www.klosterilanz.ch\/de\/wp-json\/wp\/v2\/pages\/"}],"about":[{"href":"https:\/\/www.klosterilanz.ch\/de\/wp-json\/wp\/v2\/types\/page\/"}],"author":[{"embeddable":true,"href":"https:\/\/www.klosterilanz.ch\/de\/wp-json\/wp\/v2\/users\/2\/"}],"replies":[{"embeddable":true,"href":"https:\/\/www.klosterilanz.ch\/de\/wp-json\/wp\/v2\/comments\/?post=1500"}],"version-history":[{"count":1,"href":"https:\/\/www.klosterilanz.ch\/de\/wp-json\/wp\/v2\/pages\/1500\/revisions\/"}],"predecessor-version":[{"id":21516,"href":"https:\/\/www.klosterilanz.ch\/de\/wp-json\/wp\/v2\/pages\/1500\/revisions\/21516\/"}],"up":[{"embeddable":true,"href":"https:\/\/www.klosterilanz.ch\/de\/wp-json\/wp\/v2\/pages\/1351\/"}],"wp:featuredmedia":[{"embeddable":true,"href":"https:\/\/www.klosterilanz.ch\/de\/wp-json\/wp\/v2\/media\/21515\/"}],"wp:attachment":[{"href":"https:\/\/www.klosterilanz.ch\/de\/wp-json\/wp\/v2\/media\/?parent=1500"}],"curies":[{"name":"wp","href":"https:\/\/api.w.org\/{rel}","templated":true}]}}