{"id":21309,"date":"2025-10-05T13:26:37","date_gmt":"2025-10-05T11:26:37","guid":{"rendered":"https:\/\/www.klosterilanz.ch\/?page_id=21309"},"modified":"2025-11-09T00:56:13","modified_gmt":"2025-11-08T23:56:13","slug":"partnerprojekte","status":"publish","type":"page","link":"https:\/\/www.klosterilanz.ch\/de\/unterstuetzen-und-spenden\/partnerprojekte\/","title":{"rendered":"Unsere Partnerprojekte"},"content":{"rendered":"\t\t<div data-elementor-type=\"wp-page\" data-elementor-id=\"21309\" class=\"elementor elementor-21309\" data-elementor-post-type=\"page\">\n\t\t\t\t<div class=\"elementor-element elementor-element-6386099f e-con-full e-flex xts-section-disabled e-con e-parent\" data-id=\"6386099f\" data-element_type=\"container\">\n\t\t<div class=\"elementor-element elementor-element-986849f e-flex e-con-boxed xts-section-disabled e-con e-child\" data-id=\"986849f\" data-element_type=\"container\">\n\t\t\t\t\t<div class=\"e-con-inner\">\n\t\t<div class=\"elementor-element elementor-element-2ddf13f3 e-con-full e-flex xts-section-disabled e-con e-child\" data-id=\"2ddf13f3\" data-element_type=\"container\">\n\t\t\t\t<div class=\"elementor-element elementor-element-5cc44e5 elementor-widget elementor-widget-heading\" data-id=\"5cc44e5\" data-element_type=\"widget\" data-widget_type=\"heading.default\">\n\t\t\t\t<div class=\"elementor-widget-container\">\n\t\t\t\t\t<h2 class=\"elementor-heading-title elementor-size-default\">Unsere Partnerprojekte in Brasilien, Guatemala und auf den Philippinen<\/h2>\t\t\t\t<\/div>\n\t\t\t\t<\/div>\n\t\t\t\t<div class=\"elementor-element elementor-element-66cb941 elementor-widget elementor-widget-heading\" data-id=\"66cb941\" data-element_type=\"widget\" data-widget_type=\"heading.default\">\n\t\t\t\t<div class=\"elementor-widget-container\">\n\t\t\t\t\t<h3 class=\"elementor-heading-title elementor-size-default\">Projekt M\u00e3os a Obra: H\u00e4nde zur Arbeit<\/h3>\t\t\t\t<\/div>\n\t\t\t\t<\/div>\n\t\t\t\t<div class=\"elementor-element elementor-element-43373305 xts-scheme-inherit xts-textalign-inherit elementor-widget elementor-widget-text-editor\" data-id=\"43373305\" data-element_type=\"widget\" data-widget_type=\"text-editor.default\">\n\t\t\t\t<div class=\"elementor-widget-container\">\n\t\t\t\t\t\t\t\t\t<p>M\u00e3os a Obra ist ein Sanierungsprogramm f\u00fcr menschenw\u00fcrdigen Wohnraum von Stadtrandbewohnern in Itapetininga (Brasilien). Die Freiwillige der Stiftung \u00abFunda\u00e7\u00e3o Cultural Nossa Senhora da Divina Providencia engagiert sich seit 2013 um in den \u00e4rmsten Vierteln von Itapetininga Familien in Wohnungsnot zu unterst\u00fctzen. Bisher konnten <strong>126 H\u00e4user gebaut und 46 renoviert<\/strong> werden. \u00dcber 170 Familien mit knapp 900 Menschen, vor allem Frauen und Kinder, fanden so ein Zuhause.<\/p><p>Dar\u00fcber hinaus begleiten wir die Menschen mit <strong>Seelsorge, Bildungsangeboten, Lebensmittel- und Kleiderspenden<\/strong> sowie <strong>Besuchen<\/strong> in den Vierteln. Seit 2021 setzen wir zudem auf \u00f6kologische Ziegelsteine, die nun f\u00fcr Bau und Renovierungen verwendet werden.<\/p>\t\t\t\t\t\t\t\t<\/div>\n\t\t\t\t<\/div>\n\t\t\t\t<div class=\"elementor-element elementor-element-732214c elementor-widget elementor-widget-heading\" data-id=\"732214c\" data-element_type=\"widget\" data-widget_type=\"heading.default\">\n\t\t\t\t<div class=\"elementor-widget-container\">\n\t\t\t\t\t<h3 class=\"elementor-heading-title elementor-size-default\">Maria Flos Carmeli: Hoffnung f\u00fcr Kinder von M\u00fcllsammlern<\/h3>\t\t\t\t<\/div>\n\t\t\t\t<\/div>\n\t\t\t\t<div class=\"elementor-element elementor-element-a3f560b xts-scheme-inherit xts-textalign-inherit elementor-widget elementor-widget-text-editor\" data-id=\"a3f560b\" data-element_type=\"widget\" data-widget_type=\"text-editor.default\">\n\t\t\t\t<div class=\"elementor-widget-container\">\n\t\t\t\t\t\t\t\t\t<p>Die Vereinigung Maria Flos Carmeli entstand 2004 auf Initiative von Sr. Derly Fabres, einer Mitschwester aus der Kongregation der Schwestern der Unbefleckten Empf\u00e4ngnis von Castres. Ber\u00fchrt vom Schicksal der Kinder von M\u00fcllsammlern in Glic\u00e9rio (Brasilien), hat sie gemeinsam mit einer Gruppe von Freunden \u2013 darunter auch Schwester Maria Magdalena, einer Ilanzer Dominikanerin \u2013, versucht, diesen Kindern Schutz, Bildung und Zukunftsperspektiven zu geben.<\/p><p>Heute werden rund 500 Kinder in zwei <strong>Kindertagesst\u00e4tten<\/strong> und einem <strong>Gemeinschaftszentrum<\/strong> betreut. Erwachsene erhalten Zugang zu <strong>Berufsausbildung<\/strong> in B\u00e4ckerei, Mode, IT und Sch\u00f6nheitspflege. Zudem gibt es eine <strong>Gemeindebibliothek<\/strong> mit 5.000 B\u00fcchern und das Projekt Encanto Cidad\u00e3o, das 50 Kindern und Jugendlichen mit Lernschwierigkeiten beim <strong>Lesen und Schreiben<\/strong> unterst\u00fctzt.<\/p>\t\t\t\t\t\t\t\t<\/div>\n\t\t\t\t<\/div>\n\t\t\t\t<div class=\"elementor-element elementor-element-5374c94 elementor-widget elementor-widget-heading\" data-id=\"5374c94\" data-element_type=\"widget\" data-widget_type=\"heading.default\">\n\t\t\t\t<div class=\"elementor-widget-container\">\n\t\t\t\t\t<h3 class=\"elementor-heading-title elementor-size-default\">Aeta Feeding Programm and Gardening: Unterst\u00fctzung f\u00fcr die Aeta auf den Philippinen<\/h3>\t\t\t\t<\/div>\n\t\t\t\t<\/div>\n\t\t\t\t<div class=\"elementor-element elementor-element-0f0b324 xts-scheme-inherit xts-textalign-inherit elementor-widget elementor-widget-text-editor\" data-id=\"0f0b324\" data-element_type=\"widget\" data-widget_type=\"text-editor.default\">\n\t\t\t\t<div class=\"elementor-widget-container\">\n\t\t\t\t\t\t\t\t\t<p>Die Aeta geh\u00f6ren zu den <strong>Ureinwohnern der Philippinen<\/strong> und leben traditionell in den bewaldeten Bergh\u00e4ngen Zentral-Luzons. 1991 zwang der Ausbruch des Pinatubo viele von ihnen zur Flucht, weite Teile ihrer Heimat wurden zerst\u00f6rt. Im April 2019 verw\u00fcstete ein Erdbeben der St\u00e4rke 6.3 die Bergregion um Porac erneut.<\/p><p>Unsere dominikanischen Schwestern der Kongregation Our Lady of Remedies begleiten seitdem die Aeta beim Wiederaufbau: Sie unterst\u00fctzen<strong> Bildung, Gemeindeaufbau und soziale Projekte<\/strong>. Mit ihrer Hilfe konnten <strong>Kooperativen gegr\u00fcndet, Schulen wiederbelebt<\/strong> und w\u00f6chentlich 200 Kinder mit zus\u00e4tzlichen <strong>Mahlzeiten<\/strong> versorgt werden. Zudem f\u00f6rdert das Projekt <strong>Stipendien<\/strong> f\u00fcr begabte, aber arme Sch\u00fclerinnen und Sch\u00fcler.<\/p>\t\t\t\t\t\t\t\t<\/div>\n\t\t\t\t<\/div>\n\t\t\t\t<div class=\"elementor-element elementor-element-3de50fdb elementor-widget__width-auto elementor-widget elementor-widget-button\" data-id=\"3de50fdb\" data-element_type=\"widget\" data-widget_type=\"button.default\">\n\t\t\t\t<div class=\"elementor-widget-container\">\n\t\t\t\t\t\t\t\t\t<div class=\"elementor-button-wrapper\">\n\t\t\t\t\t<a class=\"elementor-button elementor-button-link elementor-size-sm\" href=\"https:\/\/www.klosterilanz.ch\/wp-content\/uploads\/2025\/10\/Einzahlschein-Hilfsprojekte-Brasilien.pdf\">\n\t\t\t\t\t\t<span class=\"elementor-button-content-wrapper\">\n\t\t\t\t\t\t<span class=\"elementor-button-icon\">\n\t\t\t\t<svg aria-hidden=\"true\" class=\"e-font-icon-svg e-fas-chevron-right\" viewBox=\"0 0 320 512\" xmlns=\"http:\/\/www.w3.org\/2000\/svg\"><path d=\"M285.476 272.971L91.132 467.314c-9.373 9.373-24.569 9.373-33.941 0l-22.667-22.667c-9.357-9.357-9.375-24.522-.04-33.901L188.505 256 34.484 101.255c-9.335-9.379-9.317-24.544.04-33.901l22.667-22.667c9.373-9.373 24.569-9.373 33.941 0L285.475 239.03c9.373 9.372 9.373 24.568.001 33.941z\"><\/path><\/svg>\t\t\t<\/span>\n\t\t\t\t\t\t\t\t\t<span class=\"elementor-button-text\">Jetzt f\u00fcr unsere internationalen Partnerprojekte mit Einzahlungsschein spenden<\/span>\n\t\t\t\t\t<\/span>\n\t\t\t\t\t<\/a>\n\t\t\t\t<\/div>\n\t\t\t\t\t\t\t\t<\/div>\n\t\t\t\t<\/div>\n\t\t\t\t<\/div>\n\t\t<div class=\"elementor-element elementor-element-71ab47e9 e-con-full e-flex xts-section-disabled e-con e-child\" data-id=\"71ab47e9\" data-element_type=\"container\">\n\t\t<div class=\"elementor-element elementor-element-77466fd8 e-con-full e-flex xts-section-disabled e-con e-child\" data-id=\"77466fd8\" data-element_type=\"container\" data-settings=\"{&quot;background_background&quot;:&quot;classic&quot;}\">\n\t\t\t\t<div class=\"elementor-element elementor-element-3c95881a elementor-widget elementor-widget-heading\" data-id=\"3c95881a\" data-element_type=\"widget\" data-widget_type=\"heading.default\">\n\t\t\t\t<div class=\"elementor-widget-container\">\n\t\t\t\t\t<h3 class=\"elementor-heading-title elementor-size-default\">Stiftung Fray Domingo de Vico in Cahab\u00f3n, Guatemala: eine Schule f\u00fcr B\u00e4uerinnen<\/h3>\t\t\t\t<\/div>\n\t\t\t\t<\/div>\n\t\t\t\t<div class=\"elementor-element elementor-element-d291fce xts-scheme-inherit xts-textalign-inherit elementor-widget elementor-widget-text-editor\" data-id=\"d291fce\" data-element_type=\"widget\" data-widget_type=\"text-editor.default\">\n\t\t\t\t<div class=\"elementor-widget-container\">\n\t\t\t\t\t\t\t\t\t<p>Seit vielen Jahren pr\u00e4gten die Ilanzer Dominikanerinnen mit ihrer eigenen <strong>B\u00e4uerinnen- und Haushaltungsschule<\/strong> die Ausbildung junger Frauen. Der Aufbau einer \u00e4hnlichen Schule in Guatemala durch den Schweizer Pater Christof Gempp war Anlass, dieses Projekt zu unterst\u00fctzen.<\/p><p>Die Stiftung Fray Domingo de Vico bietet heute eine praxisnahe und zweisprachige Ausbildung f\u00fcr junge Frauen und M\u00e4nner in enger Anbindung an die Q\u2019eqchi\u2019-Maya-Kultur. Im Mittelpunkt stehen <strong>nachhaltige Landwirtschaft<\/strong>, <strong>Umweltschutz<\/strong> und die <strong>St\u00e4rkung von Familien in l\u00e4ndlichen Gemeinden<\/strong>. In j\u00e4hrlichen Schulungsprogrammen nehmen auch die Eltern von Sch\u00fclerinnen und Sch\u00fclern aktiv teil und vertiefen ihr Wissen in<strong> land-, vieh- und forstwirtschaftlichen<\/strong> Bereichen.<\/p>\t\t\t\t\t\t\t\t<\/div>\n\t\t\t\t<\/div>\n\t\t\t\t<\/div>\n\t\t<div class=\"elementor-element elementor-element-58046a8 e-con-full e-flex xts-section-disabled e-con e-child\" data-id=\"58046a8\" data-element_type=\"container\" data-settings=\"{&quot;background_background&quot;:&quot;classic&quot;}\">\n\t\t\t\t<div class=\"elementor-element elementor-element-ad20914 elementor-widget elementor-widget-heading\" data-id=\"ad20914\" data-element_type=\"widget\" data-widget_type=\"heading.default\">\n\t\t\t\t<div class=\"elementor-widget-container\">\n\t\t\t\t\t<h3 class=\"elementor-heading-title elementor-size-default\">Lilok-Farm: Raum zum Aufatmen<\/h3>\t\t\t\t<\/div>\n\t\t\t\t<\/div>\n\t\t\t\t<div class=\"elementor-element elementor-element-97e0e82 xts-scheme-inherit xts-textalign-inherit elementor-widget elementor-widget-text-editor\" data-id=\"97e0e82\" data-element_type=\"widget\" data-widget_type=\"text-editor.default\">\n\t\t\t\t<div class=\"elementor-widget-container\">\n\t\t\t\t\t\t\t\t\t<p>Die Lilok-Farm ist ein Ort der Begegnung mit sich selbst, der Natur und mit Gott \u2013 durch Retreats, Camps oder gemeinsames Arbeiten. Ihre Vision: <strong>nachhaltig leben und \u00d6ko-Gerechtigkeit praktisch umsetzen<\/strong>.<\/p><p>Besonders Menschen aus armen Stadtvierteln finden hier Zugang zur Natur, gesunde Lebensmittel und einen Ort zum Durchatmen \u2013 etwas, das ihnen im Alltag meist verwehrt bleibt. Trotz begrenzter Einnahmen durch bewusst niedrige Preise macht die Farm so <strong>Erholung, Bildung und Naturerfahrung<\/strong> auch f\u00fcr Benachteiligte m\u00f6glich.<\/p><p>Die ersten Kontakte zum Projekt entstanden durch die Freundschaft unserer Schwester Monika H\u00fcppi mit der Schweizer Leiterin des Projektes, Regula Hauser.<\/p>\t\t\t\t\t\t\t\t<\/div>\n\t\t\t\t<\/div>\n\t\t\t\t<\/div>\n\t\t\t\t<\/div>\n\t\t\t\t\t<\/div>\n\t\t\t\t<\/div>\n\t\t\t\t<\/div>\n\t\t\t\t<\/div>\n\t\t","protected":false},"excerpt":{"rendered":"<p>Unsere Partnerprojekte in Brasilien, Guatemala und auf den Philippinen Projekt M\u00e3os a Obra: H\u00e4nde zur Arbeit M\u00e3os a Obra ist ein Sanierungsprogramm f\u00fcr menschenw\u00fcrdigen Wohnraum von Stadtrandbewohnern in Itapetininga (Brasilien). Die Freiwillige der Stiftung \u00abFunda\u00e7\u00e3o Cultural Nossa Senhora da Divina Providencia engagiert sich seit 2013 um in den \u00e4rmsten Vierteln von Itapetininga Familien in Wohnungsnot [&hellip;]<\/p>\n","protected":false},"author":7,"featured_media":21312,"parent":1369,"menu_order":0,"comment_status":"closed","ping_status":"closed","template":"","meta":{"_acf_changed":false,"footnotes":""},"class_list":["post-21309","page","type-page","status-publish","has-post-thumbnail","hentry"],"acf":[],"_links":{"self":[{"href":"https:\/\/www.klosterilanz.ch\/de\/wp-json\/wp\/v2\/pages\/21309\/"}],"collection":[{"href":"https:\/\/www.klosterilanz.ch\/de\/wp-json\/wp\/v2\/pages\/"}],"about":[{"href":"https:\/\/www.klosterilanz.ch\/de\/wp-json\/wp\/v2\/types\/page\/"}],"author":[{"embeddable":true,"href":"https:\/\/www.klosterilanz.ch\/de\/wp-json\/wp\/v2\/users\/7\/"}],"replies":[{"embeddable":true,"href":"https:\/\/www.klosterilanz.ch\/de\/wp-json\/wp\/v2\/comments\/?post=21309"}],"version-history":[{"count":26,"href":"https:\/\/www.klosterilanz.ch\/de\/wp-json\/wp\/v2\/pages\/21309\/revisions\/"}],"predecessor-version":[{"id":22583,"href":"https:\/\/www.klosterilanz.ch\/de\/wp-json\/wp\/v2\/pages\/21309\/revisions\/22583\/"}],"up":[{"embeddable":true,"href":"https:\/\/www.klosterilanz.ch\/de\/wp-json\/wp\/v2\/pages\/1369\/"}],"wp:featuredmedia":[{"embeddable":true,"href":"https:\/\/www.klosterilanz.ch\/de\/wp-json\/wp\/v2\/media\/21312\/"}],"wp:attachment":[{"href":"https:\/\/www.klosterilanz.ch\/de\/wp-json\/wp\/v2\/media\/?parent=21309"}],"curies":[{"name":"wp","href":"https:\/\/api.w.org\/{rel}","templated":true}]}}